{"id":732,"date":"2022-10-27T02:27:37","date_gmt":"2022-10-27T02:27:37","guid":{"rendered":"https:\/\/cleanlixeiras.com.br\/?page_id=732"},"modified":"2022-11-18T02:23:55","modified_gmt":"2022-11-18T02:23:55","slug":"varal-retratil","status":"publish","type":"page","link":"https:\/\/cleanlixeiras.com.br\/?page_id=732","title":{"rendered":"Varal Retr\u00e1til"},"content":{"rendered":"\t\t<div data-elementor-type=\"wp-page\" data-elementor-id=\"732\" class=\"elementor elementor-732\">\n\t\t\t\t\t\t\t\t\t<section class=\"elementor-section elementor-top-section elementor-element elementor-element-65454a4 elementor-section-boxed elementor-section-height-default elementor-section-height-default wpr-particle-no wpr-jarallax-no wpr-parallax-no wpr-sticky-section-no\" data-id=\"65454a4\" data-element_type=\"section\" data-settings=\"{&quot;_ha_eqh_enable&quot;:false}\">\n\t\t\t\t\t\t<div class=\"elementor-container elementor-column-gap-default\">\n\t\t\t\t\t<div class=\"elementor-column elementor-col-100 elementor-top-column elementor-element elementor-element-d848d26\" data-id=\"d848d26\" data-element_type=\"column\">\n\t\t\t<div class=\"elementor-widget-wrap elementor-element-populated\">\n\t\t\t\t\t\t\t\t<div class=\"elementor-element elementor-element-9e48137 elementor-widget elementor-widget-heading\" data-id=\"9e48137\" data-element_type=\"widget\" data-widget_type=\"heading.default\">\n\t\t\t\t<div class=\"elementor-widget-container\">\n\t\t\t<style>\/*! elementor - v3.8.1 - 13-11-2022 *\/\n.elementor-heading-title{padding:0;margin:0;line-height:1}.elementor-widget-heading .elementor-heading-title[class*=elementor-size-]>a{color:inherit;font-size:inherit;line-height:inherit}.elementor-widget-heading .elementor-heading-title.elementor-size-small{font-size:15px}.elementor-widget-heading .elementor-heading-title.elementor-size-medium{font-size:19px}.elementor-widget-heading .elementor-heading-title.elementor-size-large{font-size:29px}.elementor-widget-heading .elementor-heading-title.elementor-size-xl{font-size:39px}.elementor-widget-heading .elementor-heading-title.elementor-size-xxl{font-size:59px}<\/style><h2 class=\"elementor-heading-title elementor-size-default\">Varal Retr\u00e1til<\/h2>\t\t<\/div>\n\t\t\t\t<\/div>\n\t\t\t\t\t<\/div>\n\t\t<\/div>\n\t\t\t\t\t\t\t<\/div>\n\t\t<\/section>\n\t\t\t\t<section class=\"elementor-section elementor-top-section elementor-element elementor-element-b560e9a elementor-section-boxed elementor-section-height-default elementor-section-height-default wpr-particle-no wpr-jarallax-no wpr-parallax-no wpr-sticky-section-no\" data-id=\"b560e9a\" data-element_type=\"section\" data-settings=\"{&quot;_ha_eqh_enable&quot;:false}\">\n\t\t\t\t\t\t<div class=\"elementor-container elementor-column-gap-default\">\n\t\t\t\t\t<div class=\"elementor-column elementor-col-100 elementor-top-column elementor-element elementor-element-3ff1d36\" data-id=\"3ff1d36\" data-element_type=\"column\">\n\t\t\t<div class=\"elementor-widget-wrap elementor-element-populated\">\n\t\t\t\t\t\t\t\t<div class=\"elementor-element elementor-element-6abfab1 wpr-list-style-none elementor-widget elementor-widget-wpr-posts-timeline\" data-id=\"6abfab1\" data-element_type=\"widget\" data-settings=\"{&quot;animation_offset&quot;:150,&quot;aos_animation_duration&quot;:600}\" data-widget_type=\"wpr-posts-timeline.default\">\n\t\t\t\t<div class=\"elementor-widget-container\">\n\t\t\t\r\n\t\t<div class=\"wpr-wrapper wpr-vertical wpr-one-sided-wrapper-left\">\r\n\t\t\t<div class=\"wpr-timeline-centered wpr-line wpr-one-sided-timeline-left\"><div class=\"wpr-middle-line\"><\/div><div class=\"wpr-timeline-fill\" data-layout=\"one-sided-left\"><\/div><article class=\"wpr-timeline-entry wpr-left-aligned elementor-repeater-item-434c40a\" data-item-id=\"elementor-repeater-item-434c40a\"><div class=\"wpr-timeline-entry-inner\"><div class=\"wpr-main-line-icon wpr-icon\"><\/div><div class=\"wpr-story-info-vertical wpr-data-wrap \"  data-aos=\"fade\" data-aos-left=\"\" data-aos-right=\"\" data-animation-offset=\"150\" data-animation-duration=\"600\"><div class=\"wpr-animation-wrap wpr-timeline-media\"><img width=\"1600\" height=\"1200\" src=\"https:\/\/cleanlixeiras.com.br\/wp-content\/uploads\/2022\/11\/WhatsApp-Image-2022-11-16-at-14.29.14.jpeg\" class=\"attachment-full size-full\" alt=\"\" decoding=\"async\" loading=\"lazy\" srcset=\"https:\/\/cleanlixeiras.com.br\/wp-content\/uploads\/2022\/11\/WhatsApp-Image-2022-11-16-at-14.29.14.jpeg 1600w, https:\/\/cleanlixeiras.com.br\/wp-content\/uploads\/2022\/11\/WhatsApp-Image-2022-11-16-at-14.29.14-300x225.jpeg 300w, https:\/\/cleanlixeiras.com.br\/wp-content\/uploads\/2022\/11\/WhatsApp-Image-2022-11-16-at-14.29.14-1024x768.jpeg 1024w, https:\/\/cleanlixeiras.com.br\/wp-content\/uploads\/2022\/11\/WhatsApp-Image-2022-11-16-at-14.29.14-768x576.jpeg 768w, https:\/\/cleanlixeiras.com.br\/wp-content\/uploads\/2022\/11\/WhatsApp-Image-2022-11-16-at-14.29.14-1536x1152.jpeg 1536w\" sizes=\"(max-width: 1600px) 100vw, 1600px\" \/><\/div><div class=\"wpr-content-wrapper\"><\/div><\/div>\r\n\t\t\t\t\t\t<\/div>\r\n\t\t\t\t<\/article><article class=\"wpr-timeline-entry wpr-left-aligned elementor-repeater-item-a7be6f1\" data-item-id=\"elementor-repeater-item-a7be6f1\"><div class=\"wpr-timeline-entry-inner\"><div class=\"wpr-main-line-icon wpr-icon\"><\/div><div class=\"wpr-story-info-vertical wpr-data-wrap \"  data-aos=\"fade\" data-aos-left=\"\" data-aos-right=\"\" data-animation-offset=\"150\" data-animation-duration=\"600\"><div class=\"wpr-animation-wrap wpr-timeline-media\"><img width=\"1600\" height=\"1200\" src=\"https:\/\/cleanlixeiras.com.br\/wp-content\/uploads\/2022\/11\/WhatsApp-Image-2022-11-16-at-14.29.14-1.jpeg\" class=\"attachment-full size-full\" alt=\"\" decoding=\"async\" loading=\"lazy\" srcset=\"https:\/\/cleanlixeiras.com.br\/wp-content\/uploads\/2022\/11\/WhatsApp-Image-2022-11-16-at-14.29.14-1.jpeg 1600w, https:\/\/cleanlixeiras.com.br\/wp-content\/uploads\/2022\/11\/WhatsApp-Image-2022-11-16-at-14.29.14-1-300x225.jpeg 300w, https:\/\/cleanlixeiras.com.br\/wp-content\/uploads\/2022\/11\/WhatsApp-Image-2022-11-16-at-14.29.14-1-1024x768.jpeg 1024w, https:\/\/cleanlixeiras.com.br\/wp-content\/uploads\/2022\/11\/WhatsApp-Image-2022-11-16-at-14.29.14-1-768x576.jpeg 768w, https:\/\/cleanlixeiras.com.br\/wp-content\/uploads\/2022\/11\/WhatsApp-Image-2022-11-16-at-14.29.14-1-1536x1152.jpeg 1536w\" sizes=\"(max-width: 1600px) 100vw, 1600px\" \/><\/div><div class=\"wpr-content-wrapper\"><\/div><\/div>\r\n\t\t\t\t\t\t<\/div>\r\n\t\t\t\t<\/article><article class=\"wpr-timeline-entry wpr-left-aligned elementor-repeater-item-2fda6f9\" data-item-id=\"elementor-repeater-item-2fda6f9\"><div class=\"wpr-timeline-entry-inner\"><div class=\"wpr-main-line-icon wpr-icon\"><\/div><div class=\"wpr-story-info-vertical wpr-data-wrap \"  data-aos=\"fade\" data-aos-left=\"\" data-aos-right=\"\" data-animation-offset=\"150\" data-animation-duration=\"600\"><div class=\"wpr-animation-wrap wpr-timeline-media\"><img width=\"1080\" height=\"810\" src=\"https:\/\/cleanlixeiras.com.br\/wp-content\/uploads\/2022\/11\/WhatsApp-Image-2022-11-16-at-14.32.05.jpeg\" class=\"attachment-full size-full\" alt=\"\" decoding=\"async\" loading=\"lazy\" srcset=\"https:\/\/cleanlixeiras.com.br\/wp-content\/uploads\/2022\/11\/WhatsApp-Image-2022-11-16-at-14.32.05.jpeg 1080w, https:\/\/cleanlixeiras.com.br\/wp-content\/uploads\/2022\/11\/WhatsApp-Image-2022-11-16-at-14.32.05-300x225.jpeg 300w, https:\/\/cleanlixeiras.com.br\/wp-content\/uploads\/2022\/11\/WhatsApp-Image-2022-11-16-at-14.32.05-1024x768.jpeg 1024w, https:\/\/cleanlixeiras.com.br\/wp-content\/uploads\/2022\/11\/WhatsApp-Image-2022-11-16-at-14.32.05-768x576.jpeg 768w\" sizes=\"(max-width: 1080px) 100vw, 1080px\" \/><\/div><div class=\"wpr-content-wrapper\"><\/div><\/div>\r\n\t\t\t\t\t\t<\/div>\r\n\t\t\t\t<\/article><article class=\"wpr-timeline-entry wpr-left-aligned elementor-repeater-item-0655c5e\" data-item-id=\"elementor-repeater-item-0655c5e\"><div class=\"wpr-timeline-entry-inner\"><div class=\"wpr-main-line-icon wpr-icon\"><\/div><div class=\"wpr-story-info-vertical wpr-data-wrap \"  data-aos=\"fade\" data-aos-left=\"\" data-aos-right=\"\" data-animation-offset=\"150\" data-animation-duration=\"600\"><div class=\"wpr-animation-wrap wpr-timeline-media\"><img width=\"1080\" height=\"810\" src=\"https:\/\/cleanlixeiras.com.br\/wp-content\/uploads\/2022\/11\/WhatsApp-Image-2022-11-16-at-14.32.06.jpeg\" class=\"attachment-full size-full\" alt=\"\" decoding=\"async\" loading=\"lazy\" srcset=\"https:\/\/cleanlixeiras.com.br\/wp-content\/uploads\/2022\/11\/WhatsApp-Image-2022-11-16-at-14.32.06.jpeg 1080w, https:\/\/cleanlixeiras.com.br\/wp-content\/uploads\/2022\/11\/WhatsApp-Image-2022-11-16-at-14.32.06-300x225.jpeg 300w, https:\/\/cleanlixeiras.com.br\/wp-content\/uploads\/2022\/11\/WhatsApp-Image-2022-11-16-at-14.32.06-1024x768.jpeg 1024w, https:\/\/cleanlixeiras.com.br\/wp-content\/uploads\/2022\/11\/WhatsApp-Image-2022-11-16-at-14.32.06-768x576.jpeg 768w\" sizes=\"(max-width: 1080px) 100vw, 1080px\" \/><\/div><div class=\"wpr-content-wrapper\"><\/div><\/div>\r\n\t\t\t\t\t\t<\/div>\r\n\t\t\t\t<\/article><\/div>    \r\n\t\t\t<\/div>\t\t<\/div>\n\t\t\t\t<\/div>\n\t\t\t\t\t<\/div>\n\t\t<\/div>\n\t\t\t\t\t\t\t<\/div>\n\t\t<\/section>\n\t\t\t\t<section class=\"elementor-section elementor-top-section elementor-element elementor-element-4798dc2 elementor-section-boxed elementor-section-height-default elementor-section-height-default wpr-particle-no wpr-jarallax-no wpr-parallax-no wpr-sticky-section-no\" data-id=\"4798dc2\" data-element_type=\"section\" data-settings=\"{&quot;_ha_eqh_enable&quot;:false}\">\n\t\t\t\t\t\t<div class=\"elementor-container elementor-column-gap-default\">\n\t\t\t\t\t<div class=\"elementor-column elementor-col-100 elementor-top-column elementor-element elementor-element-57a92d1\" data-id=\"57a92d1\" data-element_type=\"column\">\n\t\t\t<div class=\"elementor-widget-wrap elementor-element-populated\">\n\t\t\t\t\t\t\t\t<div class=\"elementor-element elementor-element-aadd2fa elementor-align-center elementor-widget__width-initial elementor-widget-mobile__width-initial elementor-mobile-align-center elementor-widget elementor-widget-button\" data-id=\"aadd2fa\" data-element_type=\"widget\" data-settings=\"{&quot;ha_floating_fx&quot;:&quot;yes&quot;,&quot;ha_floating_fx_translate_toggle&quot;:&quot;yes&quot;,&quot;ha_floating_fx_translate_x&quot;:{&quot;unit&quot;:&quot;px&quot;,&quot;size&quot;:&quot;&quot;,&quot;sizes&quot;:{&quot;from&quot;:-11,&quot;to&quot;:-9}},&quot;ha_floating_fx_translate_y&quot;:{&quot;unit&quot;:&quot;px&quot;,&quot;size&quot;:&quot;&quot;,&quot;sizes&quot;:{&quot;from&quot;:0,&quot;to&quot;:5}},&quot;ha_floating_fx_translate_duration&quot;:{&quot;unit&quot;:&quot;px&quot;,&quot;size&quot;:1000,&quot;sizes&quot;:[]},&quot;ha_floating_fx_translate_delay&quot;:{&quot;unit&quot;:&quot;px&quot;,&quot;size&quot;:&quot;&quot;,&quot;sizes&quot;:[]}}\" data-widget_type=\"button.default\">\n\t\t\t\t<div class=\"elementor-widget-container\">\n\t\t\t\t\t<div class=\"elementor-button-wrapper\">\n\t\t\t<a href=\"https:\/\/api.whatsapp.com\/send?phone=5544998378791&#038;text=Seja%20bem%20vindo\" target=\"_blank\" class=\"elementor-button-link elementor-button elementor-size-xl elementor-animation-shrink\" role=\"button\">\n\t\t\t\t\t\t<span class=\"elementor-button-content-wrapper\">\n\t\t\t\t\t\t<span class=\"elementor-button-text\">Fa\u00e7a seu Or\u00e7amento<\/span>\n\t\t<\/span>\n\t\t\t\t\t<\/a>\n\t\t<\/div>\n\t\t\t\t<\/div>\n\t\t\t\t<\/div>\n\t\t\t\t\t<\/div>\n\t\t<\/div>\n\t\t\t\t\t\t\t<\/div>\n\t\t<\/section>\n\t\t\t\t<section class=\"elementor-section elementor-top-section elementor-element elementor-element-b79069c envato-kit-141-top-0 elementor-reverse-mobile elementor-section-boxed elementor-section-height-default elementor-section-height-default wpr-particle-no wpr-jarallax-no wpr-parallax-no wpr-sticky-section-no\" data-id=\"b79069c\" data-element_type=\"section\" data-settings=\"{&quot;background_background&quot;:&quot;classic&quot;,&quot;_ha_eqh_enable&quot;:false}\">\n\t\t\t\t\t\t\t<div class=\"elementor-background-overlay\"><\/div>\n\t\t\t\t\t\t\t<div class=\"elementor-container elementor-column-gap-wider\">\n\t\t\t\t\t<div class=\"elementor-column elementor-col-33 elementor-top-column elementor-element elementor-element-0884cc4 elementor-invisible\" data-id=\"0884cc4\" data-element_type=\"column\" data-settings=\"{&quot;animation&quot;:&quot;fadeIn&quot;,&quot;animation_delay&quot;:100}\">\n\t\t\t<div class=\"elementor-widget-wrap elementor-element-populated\">\n\t\t\t\t\t\t\t\t<div class=\"elementor-element elementor-element-b7318a1 elementor-widget elementor-widget-heading\" data-id=\"b7318a1\" data-element_type=\"widget\" data-widget_type=\"heading.default\">\n\t\t\t\t<div class=\"elementor-widget-container\">\n\t\t\t<h2 class=\"elementor-heading-title elementor-size-default\">Cede da empresa<\/h2>\t\t<\/div>\n\t\t\t\t<\/div>\n\t\t\t\t<div class=\"elementor-element elementor-element-d48f06d elementor-icon-list--layout-traditional elementor-list-item-link-full_width elementor-widget elementor-widget-icon-list\" data-id=\"d48f06d\" data-element_type=\"widget\" data-widget_type=\"icon-list.default\">\n\t\t\t\t<div class=\"elementor-widget-container\">\n\t\t\t<link rel=\"stylesheet\" href=\"https:\/\/cleanlixeiras.com.br\/wp-content\/uploads\/elementor\/css\/custom-widget-icon-list.min.css?ver=1668711890\">\t\t<ul class=\"elementor-icon-list-items\">\n\t\t\t\t\t\t\t<li class=\"elementor-icon-list-item\">\n\t\t\t\t\t\t\t\t\t\t\t<span class=\"elementor-icon-list-icon\">\n\t\t\t\t\t\t\t<i aria-hidden=\"true\" class=\"fas fa-map-marker-alt\"><\/i>\t\t\t\t\t\t<\/span>\n\t\t\t\t\t\t\t\t\t\t<span class=\"elementor-icon-list-text\"> R. Paul Harris - Jardim Nova Independencia, Sarandi - PR, 87114-685<\/span>\n\t\t\t\t\t\t\t\t\t<\/li>\n\t\t\t\t\t\t\t\t<li class=\"elementor-icon-list-item\">\n\t\t\t\t\t\t\t\t\t\t\t<span class=\"elementor-icon-list-icon\">\n\t\t\t\t\t\t\t<i aria-hidden=\"true\" class=\"fas fa-phone\"><\/i>\t\t\t\t\t\t<\/span>\n\t\t\t\t\t\t\t\t\t\t<span class=\"elementor-icon-list-text\">(44) 99837-8791<\/span>\n\t\t\t\t\t\t\t\t\t<\/li>\n\t\t\t\t\t\t\t\t<li class=\"elementor-icon-list-item\">\n\t\t\t\t\t\t\t\t\t\t\t<span class=\"elementor-icon-list-icon\">\n\t\t\t\t\t\t\t<i aria-hidden=\"true\" class=\"far fa-envelope-open\"><\/i>\t\t\t\t\t\t<\/span>\n\t\t\t\t\t\t\t\t\t\t<span class=\"elementor-icon-list-text\">contato@cleanlixeiras.com.br<\/span>\n\t\t\t\t\t\t\t\t\t<\/li>\n\t\t\t\t\t\t<\/ul>\n\t\t\t\t<\/div>\n\t\t\t\t<\/div>\n\t\t\t\t\t<\/div>\n\t\t<\/div>\n\t\t\t\t<div class=\"elementor-column elementor-col-33 elementor-top-column elementor-element elementor-element-a0b2b98 elementor-invisible\" data-id=\"a0b2b98\" data-element_type=\"column\" data-settings=\"{&quot;background_background&quot;:&quot;classic&quot;,&quot;animation&quot;:&quot;fadeIn&quot;,&quot;animation_delay&quot;:200}\">\n\t\t\t<div class=\"elementor-widget-wrap elementor-element-populated\">\n\t\t\t\t\t\t\t\t<div class=\"elementor-element elementor-element-6547502 elementor-widget elementor-widget-heading\" data-id=\"6547502\" data-element_type=\"widget\" data-widget_type=\"heading.default\">\n\t\t\t\t<div class=\"elementor-widget-container\">\n\t\t\t<h2 class=\"elementor-heading-title elementor-size-default\">Redes sociais<\/h2>\t\t<\/div>\n\t\t\t\t<\/div>\n\t\t\t\t<div class=\"elementor-element elementor-element-7c4aa17 elementor-icon-list--layout-traditional elementor-list-item-link-full_width elementor-widget elementor-widget-icon-list\" data-id=\"7c4aa17\" data-element_type=\"widget\" data-widget_type=\"icon-list.default\">\n\t\t\t\t<div class=\"elementor-widget-container\">\n\t\t\t\t\t<ul class=\"elementor-icon-list-items\">\n\t\t\t\t\t\t\t<li class=\"elementor-icon-list-item\">\n\t\t\t\t\t\t\t\t\t\t\t<a href=\"https:\/\/www.facebook.com\/LixeirasVaraisSarandi\" target=\"_blank\">\n\n\t\t\t\t\t\t\t\t\t\t\t\t<span class=\"elementor-icon-list-icon\">\n\t\t\t\t\t\t\t<i aria-hidden=\"true\" class=\"fab fa-facebook-f\"><\/i>\t\t\t\t\t\t<\/span>\n\t\t\t\t\t\t\t\t\t\t<span class=\"elementor-icon-list-text\">Facebook<\/span>\n\t\t\t\t\t\t\t\t\t\t\t<\/a>\n\t\t\t\t\t\t\t\t\t<\/li>\n\t\t\t\t\t\t\t\t<li class=\"elementor-icon-list-item\">\n\t\t\t\t\t\t\t\t\t\t\t<a href=\"https:\/\/www.instagram.com\/cleanlixeiras\/\" target=\"_blank\">\n\n\t\t\t\t\t\t\t\t\t\t\t\t<span class=\"elementor-icon-list-icon\">\n\t\t\t\t\t\t\t<i aria-hidden=\"true\" class=\"fab fa-instagram\"><\/i>\t\t\t\t\t\t<\/span>\n\t\t\t\t\t\t\t\t\t\t<span class=\"elementor-icon-list-text\">Instagram<\/span>\n\t\t\t\t\t\t\t\t\t\t\t<\/a>\n\t\t\t\t\t\t\t\t\t<\/li>\n\t\t\t\t\t\t<\/ul>\n\t\t\t\t<\/div>\n\t\t\t\t<\/div>\n\t\t\t\t\t<\/div>\n\t\t<\/div>\n\t\t\t\t<div class=\"elementor-column elementor-col-33 elementor-top-column elementor-element elementor-element-5ec7a48 elementor-invisible\" data-id=\"5ec7a48\" data-element_type=\"column\" data-settings=\"{&quot;background_background&quot;:&quot;classic&quot;,&quot;animation&quot;:&quot;pulse&quot;,&quot;animation_delay&quot;:400}\">\n\t\t\t<div class=\"elementor-widget-wrap elementor-element-populated\">\n\t\t\t\t\t\t\t\t<div class=\"elementor-element elementor-element-3f4db83 elementor-widget elementor-widget-heading\" data-id=\"3f4db83\" data-element_type=\"widget\" data-widget_type=\"heading.default\">\n\t\t\t\t<div class=\"elementor-widget-container\">\n\t\t\t<h2 class=\"elementor-heading-title elementor-size-default\">Sobre n\u00f3s<\/h2>\t\t<\/div>\n\t\t\t\t<\/div>\n\t\t\t\t<div class=\"elementor-element elementor-element-ef9cb11 elementor-invisible elementor-widget elementor-widget-text-editor\" data-id=\"ef9cb11\" data-element_type=\"widget\" data-settings=\"{&quot;_animation&quot;:&quot;fadeIn&quot;,&quot;_animation_delay&quot;:250}\" data-widget_type=\"text-editor.default\">\n\t\t\t\t<div class=\"elementor-widget-container\">\n\t\t\t<style>\/*! elementor - v3.8.1 - 13-11-2022 *\/\n.elementor-widget-text-editor.elementor-drop-cap-view-stacked .elementor-drop-cap{background-color:#818a91;color:#fff}.elementor-widget-text-editor.elementor-drop-cap-view-framed .elementor-drop-cap{color:#818a91;border:3px solid;background-color:transparent}.elementor-widget-text-editor:not(.elementor-drop-cap-view-default) .elementor-drop-cap{margin-top:8px}.elementor-widget-text-editor:not(.elementor-drop-cap-view-default) .elementor-drop-cap-letter{width:1em;height:1em}.elementor-widget-text-editor .elementor-drop-cap{float:left;text-align:center;line-height:1;font-size:50px}.elementor-widget-text-editor .elementor-drop-cap-letter{display:inline-block}<\/style>\t\t\t\t<p><span style=\"vertical-align: inherit;\">Ol\u00e1 clientes Trabalhamos com a venda e instala\u00e7\u00f5es de Varal e Lixeiras para ch\u00e1caras, com\u00e9rcios e empresas em geral, com v\u00e1rios tamanhos e modelos modernos com total garantia e qualidade. Trabalhamos com o melhor varal em quest\u00e3o de qualidade e praticidade, varal retr\u00e1til (abre e fecha) muito pr\u00e1tico, campe\u00e3o de vendas. Trabalhamos com suportes de mangueira, vassouras, caixa de correios, suportes de bicicleta e rede. Instalamos em Maring\u00e1, Sarandi, Pai\u00e7andu, Iguatemi, Mandagua\u00e7u e Marialva.<\/span><\/p>\t\t\t\t\t\t<\/div>\n\t\t\t\t<\/div>\n\t\t\t\t\t<\/div>\n\t\t<\/div>\n\t\t\t\t\t\t\t<\/div>\n\t\t<\/section>\n\t\t\t\t\t\t\t<\/div>\n\t\t","protected":false},"excerpt":{"rendered":"<p>Varal Retr\u00e1til Fa\u00e7a seu Or\u00e7amento Cede da empresa R. Paul Harris &#8211; Jardim Nova Independencia, Sarandi &#8211; PR, 87114-685 (44) 99837-8791 contato@cleanlixeiras.com.br Redes sociais Facebook Instagram Sobre n\u00f3s Ol\u00e1 clientes Trabalhamos com a venda e instala\u00e7\u00f5es de Varal e Lixeiras para ch\u00e1caras, com\u00e9rcios e empresas em geral, com v\u00e1rios tamanhos e modelos modernos com total [&hellip;]<\/p>\n","protected":false},"author":1,"featured_media":0,"parent":0,"menu_order":0,"comment_status":"closed","ping_status":"closed","template":"elementor_canvas","meta":[],"aioseo_notices":[],"_links":{"self":[{"href":"https:\/\/cleanlixeiras.com.br\/index.php?rest_route=\/wp\/v2\/pages\/732"}],"collection":[{"href":"https:\/\/cleanlixeiras.com.br\/index.php?rest_route=\/wp\/v2\/pages"}],"about":[{"href":"https:\/\/cleanlixeiras.com.br\/index.php?rest_route=\/wp\/v2\/types\/page"}],"author":[{"embeddable":true,"href":"https:\/\/cleanlixeiras.com.br\/index.php?rest_route=\/wp\/v2\/users\/1"}],"replies":[{"embeddable":true,"href":"https:\/\/cleanlixeiras.com.br\/index.php?rest_route=%2Fwp%2Fv2%2Fcomments&post=732"}],"version-history":[{"count":88,"href":"https:\/\/cleanlixeiras.com.br\/index.php?rest_route=\/wp\/v2\/pages\/732\/revisions"}],"predecessor-version":[{"id":1521,"href":"https:\/\/cleanlixeiras.com.br\/index.php?rest_route=\/wp\/v2\/pages\/732\/revisions\/1521"}],"wp:attachment":[{"href":"https:\/\/cleanlixeiras.com.br\/index.php?rest_route=%2Fwp%2Fv2%2Fmedia&parent=732"}],"curies":[{"name":"wp","href":"https:\/\/api.w.org\/{rel}","templated":true}]}}